{"id":64,"date":"2020-08-26T05:54:17","date_gmt":"2020-08-26T05:54:17","guid":{"rendered":"https:\/\/www.devsnews.com\/wp\/bildpress\/?page_id=64"},"modified":"2025-01-27T11:33:22","modified_gmt":"2025-01-27T11:33:22","slug":"contact","status":"publish","type":"page","link":"https:\/\/jlg-construction.com\/fr\/contact\/","title":{"rendered":"Contact"},"content":{"rendered":"\t\t<div data-elementor-type=\"wp-page\" data-elementor-id=\"64\" class=\"elementor elementor-64\">\n\t\t\t\t<div class=\"elementor-element elementor-element-773ab10 e-flex e-con-boxed e-con e-parent\" data-id=\"773ab10\" data-element_type=\"container\">\n\t\t\t\t\t<div class=\"e-con-inner\">\n\t\t<div class=\"elementor-element elementor-element-3e4d87c e-con-full e-flex e-con e-child\" data-id=\"3e4d87c\" data-element_type=\"container\">\n\t\t\t\t<div class=\"elementor-element elementor-element-8c5bc45 elementor-widget elementor-widget-heading bdevs-el heading\" data-id=\"8c5bc45\" data-element_type=\"widget\" data-settings=\"{&quot;design_style&quot;:&quot;style_1&quot;}\" data-widget_type=\"heading.default\">\n\t\t\t\t<div class=\"elementor-widget-container\">\n\t\t\t<style>\/*! elementor - v3.23.0 - 05-08-2024 *\/\n.elementor-heading-title{padding:0;margin:0;line-height:1}.elementor-widget-heading .elementor-heading-title[class*=elementor-size-]>a{color:inherit;font-size:inherit;line-height:inherit}.elementor-widget-heading .elementor-heading-title.elementor-size-small{font-size:15px}.elementor-widget-heading .elementor-heading-title.elementor-size-medium{font-size:19px}.elementor-widget-heading .elementor-heading-title.elementor-size-large{font-size:29px}.elementor-widget-heading .elementor-heading-title.elementor-size-xl{font-size:39px}.elementor-widget-heading .elementor-heading-title.elementor-size-xxl{font-size:59px}<\/style>\r\n                    <div class=\"container\">\r\n                <div class=\"row\">\r\n                    <div class=\"col-12\">\r\n                        <div class=\"title_style1 position-relative bdevs-el-content\">\r\n                            \r\n                            <h2 class=\"section-title bdevs-el-title\">Prenez contact avec nous<\/h2>\r\n                            \r\n                                                    <\/div>\r\n                    <\/div>\r\n                <\/div>\r\n            <\/div>\r\n\r\n\r\n\r\n        \r\n\t\t<\/div>\n\t\t\t\t<\/div>\n\t\t\t\t<\/div>\n\t\t\t\t\t<\/div>\n\t\t\t\t<\/div>\n\t\t\t\t<section class=\"elementor-section elementor-top-section elementor-element elementor-element-8cd356b elementor-section-full_width elementor-section-height-default elementor-section-height-default\" data-id=\"8cd356b\" data-element_type=\"section\" data-settings=\"{&quot;background_background&quot;:&quot;classic&quot;}\">\n\t\t\t\t\t\t<div class=\"elementor-container elementor-column-gap-no\">\n\t\t\t\t\t<div class=\"elementor-column elementor-col-100 elementor-top-column elementor-element elementor-element-495087f\" data-id=\"495087f\" data-element_type=\"column\">\n\t\t\t<div class=\"elementor-widget-wrap elementor-element-populated\">\n\t\t\t\t\t\t<div class=\"elementor-element elementor-element-ed2f449 elementor-widget elementor-widget-contact_info bdevs-el contact_info\" data-id=\"ed2f449\" data-element_type=\"widget\" data-widget_type=\"contact_info.default\">\n\t\t\t\t<div class=\"elementor-widget-container\">\n\t\t\t\r\n        <section class=\"contact1\">\r\n            <div class=\"container\">\r\n                <div class=\"row\">\r\n                    <div class=\"col-xl-5 col-lg-6\">\r\n                        <div class=\"contact1__wrapper\">\r\n                            <div class=\"title_style1\">\r\n                                                                    <h5 class=\"sub-title bdevs-infobox-text\">Localisation<\/h5>\r\n                                \r\n                                <h2 class=\" bdevs-infobox-title\">France<\/h2>                                \r\n                                                            <\/div>\r\n                            <div class=\"contact_list__wrapper\">\r\n                                                                <div class=\"contact1__item border-bottom-widget pb-35 mt-40\">\r\n                                    <div class=\"contact1__thumb bdevs-contact-icon\">\r\n                                                                                <figure>\r\n                                            <i aria-hidden=\"true\" class=\"fal fa-envelope\"><\/i>                                        <\/figure>\r\n                                                                            <\/div>\r\n                                    <div class=\"contact1__content\">\r\n                                        <h4 class=\"bdevs-contact-title\">Adresse \u00e9lectronique<\/h4>\r\n                                        <p class=\"bdevs-contact-info\">\r\n                                             Info@jlg-construction.com                                        <\/p>\r\n                                    <\/div>\r\n                                <\/div>\r\n                                                                <div class=\"contact1__item border-bottom-widget pb-35 mt-40\">\r\n                                    <div class=\"contact1__thumb bdevs-contact-icon\">\r\n                                                                                <figure>\r\n                                            <i aria-hidden=\"true\" class=\"fal fa-phone\"><\/i>                                        <\/figure>\r\n                                                                            <\/div>\r\n                                    <div class=\"contact1__content\">\r\n                                        <h4 class=\"bdevs-contact-title\">Num\u00e9ro de t\u00e9l\u00e9phone<\/h4>\r\n                                        <p class=\"bdevs-contact-info\">\r\n                                            +33 613592551                                        <\/p>\r\n                                    <\/div>\r\n                                <\/div>\r\n                                                                <div class=\"contact1__item border-bottom-widget pb-35 mt-40\">\r\n                                    <div class=\"contact1__thumb bdevs-contact-icon\">\r\n                                                                                <figure>\r\n                                            <i aria-hidden=\"true\" class=\"fal fa-map-marked-alt\"><\/i>                                        <\/figure>\r\n                                                                            <\/div>\r\n                                    <div class=\"contact1__content\">\r\n                                        <h4 class=\"bdevs-contact-title\">Adresse du bureau<\/h4>\r\n                                        <p class=\"bdevs-contact-info\">\r\n                                            35\u00a0Boulevard\u00a0de Champy-Richardets, 93160 Noisy-le-Grand, France                                        <\/p>\r\n                                    <\/div>\r\n                                <\/div>\r\n                                                            <\/div>\r\n                        <\/div>\r\n                    <\/div>\r\n                    <div class=\"col-xl-7 col-lg-6\">\r\n                        <div class=\"contact1__map\">\r\n                                <iframe src=\"https:\/\/maps.google.com\/maps?q=35+Bolearvrd+de+Champy-Richardets%2C+93160+Noisy-le-Grand%2C+France&amp;t=m&amp;z=11&amp;output=embed&amp;iwloc=near\"><\/iframe>                        <\/div>\r\n                    <\/div>\r\n                <\/div>\r\n            <\/div>\r\n        <\/section>\r\n\r\n        \t\t<\/div>\n\t\t\t\t<\/div>\n\t\t\t\t\t<\/div>\n\t\t<\/div>\n\t\t\t\t\t<\/div>\n\t\t<\/section>\n\t\t\t\t<section class=\"elementor-section elementor-top-section elementor-element elementor-element-169614c elementor-section-full_width elementor-section-height-default elementor-section-height-default\" data-id=\"169614c\" data-element_type=\"section\" data-settings=\"{&quot;background_background&quot;:&quot;classic&quot;}\">\n\t\t\t\t\t\t<div class=\"elementor-container elementor-column-gap-no\">\n\t\t\t\t\t<div class=\"elementor-column elementor-col-100 elementor-top-column elementor-element elementor-element-34ecfd4\" data-id=\"34ecfd4\" data-element_type=\"column\">\n\t\t\t<div class=\"elementor-widget-wrap elementor-element-populated\">\n\t\t\t\t\t\t<div class=\"elementor-element elementor-element-7876cfe elementor-widget elementor-widget-cf7 bdevs-el cf7\" data-id=\"7876cfe\" data-element_type=\"widget\" data-settings=\"{&quot;design_style&quot;:&quot;style_1&quot;}\" data-widget_type=\"cf7.default\">\n\t\t\t\t<div class=\"elementor-widget-container\">\n\t\t\t        \r\n        <div class=\"contact_page1\">\r\n            <div class=\"counter1__wrapper position-relative\">\r\n                <div class=\"container\">\r\n                    <div class=\"row\">\r\n                        <div class=\"col-lg-12\">\r\n                            <div class=\"contact_page1__form\">\r\n                                \n<div class=\"wpcf7 no-js\" id=\"wpcf7-f681-o1\" lang=\"en-US\" dir=\"ltr\" data-wpcf7-id=\"681\">\n<div class=\"screen-reader-response\"><p role=\"status\" aria-live=\"polite\" aria-atomic=\"true\"><\/p> <ul><\/ul><\/div>\n<form action=\"\/fr\/wp-json\/wp\/v2\/pages\/64#wpcf7-f681-o1\" method=\"post\" class=\"wpcf7-form init bdevs-cf7-form\" aria-label=\"Contact form\" novalidate=\"novalidate\" data-status=\"init\">\n<div style=\"display: none;\">\n<input type=\"hidden\" name=\"_wpcf7\" value=\"681\" \/>\n<input type=\"hidden\" name=\"_wpcf7_version\" value=\"6.0.6\" \/>\n<input type=\"hidden\" name=\"_wpcf7_locale\" value=\"en_US\" \/>\n<input type=\"hidden\" name=\"_wpcf7_unit_tag\" value=\"wpcf7-f681-o1\" \/>\n<input type=\"hidden\" name=\"_wpcf7_container_post\" value=\"0\" \/>\n<input type=\"hidden\" name=\"_wpcf7_posted_data_hash\" value=\"\" \/>\n<\/div>\n<div class=\"row mb-30\">\n\t<div class=\"col-xl-6\">\n\t\t<div class=\"contact_page1__item\">\n\t\t\t<p><span class=\"wpcf7-form-control-wrap\" data-name=\"text-190\"><input size=\"40\" maxlength=\"400\" class=\"wpcf7-form-control wpcf7-text form-control\" aria-invalid=\"false\" placeholder=\"Enter your name\" value=\"\" type=\"text\" name=\"text-190\" \/><\/span><i class=\"far fa-user\"><\/i>\n\t\t\t<\/p>\n\t\t<\/div>\n\t<\/div>\n\t<div class=\"col-xl-6\">\n\t\t<div class=\"contact_page1__item\">\n\t\t\t<p><span class=\"wpcf7-form-control-wrap\" data-name=\"y-email\"><input size=\"40\" maxlength=\"400\" class=\"wpcf7-form-control wpcf7-email wpcf7-text wpcf7-validates-as-email form-control\" aria-invalid=\"false\" placeholder=\"Enter your e-mail\" value=\"\" type=\"email\" name=\"y-email\" \/><\/span><i class=\"far fa-envelope\"><\/i>\n\t\t\t<\/p>\n\t\t<\/div>\n\t<\/div>\n\t<div class=\"col-xl-12 text-center\">\n\t\t<div class=\"contact_page1__item contact_page1__textarea\">\n\t\t\t<p><span class=\"wpcf7-form-control-wrap\" data-name=\"y-message\"><textarea cols=\"40\" rows=\"10\" maxlength=\"2000\" class=\"wpcf7-form-control wpcf7-textarea form-control\" aria-invalid=\"false\" placeholder=\"Enter your message\" name=\"y-message\"><\/textarea><\/span><i class=\"far fa-edit\"><\/i>\n\t\t\t<\/p>\n\t\t<\/div>\n\t\t<p><input class=\"wpcf7-form-control wpcf7-submit has-spinner site__btn1\" type=\"submit\" value=\"Send Message\" \/>\n\t\t<\/p>\n\t<\/div>\n<\/div><div class=\"wpcf7-response-output\" aria-hidden=\"true\"><\/div>\n<\/form>\n<\/div>\n \r\n                            <\/div>\r\n                        <\/div>\r\n                    <\/div>\r\n                <\/div>\r\n            <\/div>\r\n        <\/div>\r\n\r\n          \r\n\r\n        \t\t<\/div>\n\t\t\t\t<\/div>\n\t\t\t\t\t<\/div>\n\t\t<\/div>\n\t\t\t\t\t<\/div>\n\t\t<\/section>\n\t\t\t\t<section class=\"elementor-section elementor-top-section elementor-element elementor-element-7a16993 elementor-section-full_width elementor-section-height-default elementor-section-height-default\" data-id=\"7a16993\" data-element_type=\"section\" data-settings=\"{&quot;background_background&quot;:&quot;classic&quot;}\">\n\t\t\t\t\t\t<div class=\"elementor-container elementor-column-gap-no\">\n\t\t\t\t\t<div class=\"elementor-column elementor-col-100 elementor-top-column elementor-element elementor-element-ac0cf15\" data-id=\"ac0cf15\" data-element_type=\"column\">\n\t\t\t<div class=\"elementor-widget-wrap elementor-element-populated\">\n\t\t\t\t\t\t<div class=\"elementor-element elementor-element-9cd0ea0 elementor-widget elementor-widget-contact_info bdevs-el contact_info\" data-id=\"9cd0ea0\" data-element_type=\"widget\" data-widget_type=\"contact_info.default\">\n\t\t\t\t<div class=\"elementor-widget-container\">\n\t\t\t\r\n        <section class=\"contact1\">\r\n            <div class=\"container\">\r\n                <div class=\"row\">\r\n                    <div class=\"col-xl-5 col-lg-6\">\r\n                        <div class=\"contact1__wrapper\">\r\n                            <div class=\"title_style1\">\r\n                                                                    <h5 class=\"sub-title bdevs-infobox-text\">Localisation<\/h5>\r\n                                \r\n                                <h2 class=\" bdevs-infobox-title\">Kosova<\/h2>                                \r\n                                                            <\/div>\r\n                            <div class=\"contact_list__wrapper\">\r\n                                                                <div class=\"contact1__item border-bottom-widget pb-35 mt-40\">\r\n                                    <div class=\"contact1__thumb bdevs-contact-icon\">\r\n                                                                                <figure>\r\n                                            <i aria-hidden=\"true\" class=\"fal fa-envelope\"><\/i>                                        <\/figure>\r\n                                                                            <\/div>\r\n                                    <div class=\"contact1__content\">\r\n                                        <h4 class=\"bdevs-contact-title\">Adresse \u00e9lectronique<\/h4>\r\n                                        <p class=\"bdevs-contact-info\">\r\n                                             Info@jlg-construction.com                                        <\/p>\r\n                                    <\/div>\r\n                                <\/div>\r\n                                                                <div class=\"contact1__item border-bottom-widget pb-35 mt-40\">\r\n                                    <div class=\"contact1__thumb bdevs-contact-icon\">\r\n                                                                                <figure>\r\n                                            <i aria-hidden=\"true\" class=\"fas fa-phone-alt\"><\/i>                                        <\/figure>\r\n                                                                            <\/div>\r\n                                    <div class=\"contact1__content\">\r\n                                        <h4 class=\"bdevs-contact-title\">Num\u00e9ro de t\u00e9l\u00e9phone<\/h4>\r\n                                        <p class=\"bdevs-contact-info\">\r\n                                            +383 49-315-331                                        <\/p>\r\n                                    <\/div>\r\n                                <\/div>\r\n                                                                <div class=\"contact1__item border-bottom-widget pb-35 mt-40\">\r\n                                    <div class=\"contact1__thumb bdevs-contact-icon\">\r\n                                                                                <figure>\r\n                                            <i aria-hidden=\"true\" class=\"fal fa-map-marked-alt\"><\/i>                                        <\/figure>\r\n                                                                            <\/div>\r\n                                    <div class=\"contact1__content\">\r\n                                        <h4 class=\"bdevs-contact-title\">Adresse du bureau<\/h4>\r\n                                        <p class=\"bdevs-contact-info\">\r\n                                            Komandant Bardhi, pn \u2013 Begrac\u00eb \u2013 Ka\u00e7anik                                        <\/p>\r\n                                    <\/div>\r\n                                <\/div>\r\n                                                            <\/div>\r\n                        <\/div>\r\n                    <\/div>\r\n                    <div class=\"col-xl-7 col-lg-6\">\r\n                        <div class=\"contact1__map\">\r\n                                <iframe src=\"https:\/\/maps.google.com\/maps?q=Begrac%C3%AB%2C+Ka%C3%A7anik&amp;t=m&amp;z=10&amp;output=embed&amp;iwloc=near\"><\/iframe>                        <\/div>\r\n                    <\/div>\r\n                <\/div>\r\n            <\/div>\r\n        <\/section>\r\n\r\n        \t\t<\/div>\n\t\t\t\t<\/div>\n\t\t\t\t\t<\/div>\n\t\t<\/div>\n\t\t\t\t\t<\/div>\n\t\t<\/section>\n\t\t\t\t<\/div>\n\t\t","protected":false},"excerpt":{"rendered":"<p>Prenez contact avec nous Localisation France Adresse \u00e9lectronique Info@jlg-construction.com Num\u00e9ro de t\u00e9l\u00e9phone +33 613592551 Adresse du bureau 35\u00a0Boulevard\u00a0de Champy-Richardets, 93160 Noisy-le-Grand, France Localisation Kosova Adresse \u00e9lectronique Info@jlg-construction.com Num\u00e9ro de t\u00e9l\u00e9phone +383 49-315-331 Adresse du bureau Komandant Bardhi, pn \u2013 Begrac\u00eb \u2013 Ka\u00e7anik<\/p>\n","protected":false},"author":1,"featured_media":0,"parent":0,"menu_order":0,"comment_status":"closed","ping_status":"closed","template":"elementor_header_footer","meta":{"_acf_changed":false,"footnotes":""},"class_list":["post-64","page","type-page","status-publish","hentry"],"acf":[],"_links":{"self":[{"href":"https:\/\/jlg-construction.com\/fr\/wp-json\/wp\/v2\/pages\/64","targetHints":{"allow":["GET"]}}],"collection":[{"href":"https:\/\/jlg-construction.com\/fr\/wp-json\/wp\/v2\/pages"}],"about":[{"href":"https:\/\/jlg-construction.com\/fr\/wp-json\/wp\/v2\/types\/page"}],"author":[{"embeddable":true,"href":"https:\/\/jlg-construction.com\/fr\/wp-json\/wp\/v2\/users\/1"}],"replies":[{"embeddable":true,"href":"https:\/\/jlg-construction.com\/fr\/wp-json\/wp\/v2\/comments?post=64"}],"version-history":[{"count":45,"href":"https:\/\/jlg-construction.com\/fr\/wp-json\/wp\/v2\/pages\/64\/revisions"}],"predecessor-version":[{"id":4868,"href":"https:\/\/jlg-construction.com\/fr\/wp-json\/wp\/v2\/pages\/64\/revisions\/4868"}],"wp:attachment":[{"href":"https:\/\/jlg-construction.com\/fr\/wp-json\/wp\/v2\/media?parent=64"}],"curies":[{"name":"wp","href":"https:\/\/api.w.org\/{rel}","templated":true}]}}