{"id":2,"date":"2020-08-25T16:52:27","date_gmt":"2020-08-25T16:52:27","guid":{"rendered":"https:\/\/www.devsnews.com\/wp\/bildpress\/?page_id=2"},"modified":"2025-01-27T11:16:08","modified_gmt":"2025-01-27T11:16:08","slug":"product","status":"publish","type":"page","link":"https:\/\/jlg-construction.com\/fr\/product\/","title":{"rendered":"Product"},"content":{"rendered":"\t\t<div data-elementor-type=\"wp-page\" data-elementor-id=\"2\" class=\"elementor elementor-2\">\n\t\t\t\t<div class=\"elementor-element elementor-element-8d83b91 e-flex e-con-boxed e-con e-parent\" data-id=\"8d83b91\" data-element_type=\"container\">\n\t\t\t\t\t<div class=\"e-con-inner\">\n\t\t\t\t<div class=\"elementor-element elementor-element-9e19a8b elementor-widget__width-initial elementor-widget-mobile__width-initial elementor-widget elementor-widget-heading bdevs-el heading\" data-id=\"9e19a8b\" data-element_type=\"widget\" data-settings=\"{&quot;design_style&quot;:&quot;style_1&quot;}\" data-widget_type=\"heading.default\">\n\t\t\t\t<div class=\"elementor-widget-container\">\n\t\t\t<style>\/*! elementor - v3.23.0 - 05-08-2024 *\/\n.elementor-heading-title{padding:0;margin:0;line-height:1}.elementor-widget-heading .elementor-heading-title[class*=elementor-size-]>a{color:inherit;font-size:inherit;line-height:inherit}.elementor-widget-heading .elementor-heading-title.elementor-size-small{font-size:15px}.elementor-widget-heading .elementor-heading-title.elementor-size-medium{font-size:19px}.elementor-widget-heading .elementor-heading-title.elementor-size-large{font-size:29px}.elementor-widget-heading .elementor-heading-title.elementor-size-xl{font-size:39px}.elementor-widget-heading .elementor-heading-title.elementor-size-xxl{font-size:59px}<\/style>\r\n                    <div class=\"container\">\r\n                <div class=\"row\">\r\n                    <div class=\"col-12\">\r\n                        <div class=\"title_style1 position-relative bdevs-el-content\">\r\n                            \r\n                            <h2 class=\"section-title bdevs-el-title\">La  produit<\/h2>\r\n                                                            <h2 class=\"text-border-title1 back-title-border\"> produit<\/h2>\r\n                            \r\n                                                    <\/div>\r\n                    <\/div>\r\n                <\/div>\r\n            <\/div>\r\n\r\n\r\n\r\n        \r\n\t\t<\/div>\n\t\t\t\t<\/div>\n\t\t\t\t\t<\/div>\n\t\t\t\t<\/div>\n\t\t<div class=\"elementor-element elementor-element-dfd4f49 e-flex e-con-boxed e-con e-parent\" data-id=\"dfd4f49\" data-element_type=\"container\">\n\t\t\t\t\t<div class=\"e-con-inner\">\n\t\t\t\t\t<\/div>\n\t\t\t\t<\/div>\n\t\t<div class=\"elementor-element elementor-element-43db008 e-flex e-con-boxed e-con e-parent\" data-id=\"43db008\" data-element_type=\"container\">\n\t\t\t\t\t<div class=\"e-con-inner\">\n\t\t\t\t<div class=\"elementor-element elementor-element-e07ff99 elementor-widget elementor-widget-heading bdevs-el heading\" data-id=\"e07ff99\" data-element_type=\"widget\" data-settings=\"{&quot;design_style&quot;:&quot;style_1&quot;}\" data-widget_type=\"heading.default\">\n\t\t\t\t<div class=\"elementor-widget-container\">\n\t\t\t\r\n                    <div class=\"container\">\r\n                <div class=\"row\">\r\n                    <div class=\"col-12\">\r\n                        <div class=\"title_style1 position-relative bdevs-el-content\">\r\n                            \r\n                            <h2 class=\"section-title bdevs-el-title\">PRODUITS M\u00c9TALLIQUES - PROFILS DE TRAVAIL<\/h2>\r\n                            \r\n                                                    <\/div>\r\n                    <\/div>\r\n                <\/div>\r\n            <\/div>\r\n\r\n\r\n\r\n        \r\n\t\t<\/div>\n\t\t\t\t<\/div>\n\t\t\t\t\t<\/div>\n\t\t\t\t<\/div>\n\t\t<div class=\"elementor-element elementor-element-8b62234 e-grid e-con-boxed e-con e-parent\" data-id=\"8b62234\" data-element_type=\"container\">\n\t\t\t\t\t<div class=\"e-con-inner\">\n\t\t\t\t<div class=\"elementor-element elementor-element-6cf6e1b elementor-widget__width-initial elementor-position-top elementor-widget elementor-widget-image-box\" data-id=\"6cf6e1b\" data-element_type=\"widget\" data-widget_type=\"image-box.default\">\n\t\t\t\t<div class=\"elementor-widget-container\">\n\t\t\t<style>\/*! elementor - v3.23.0 - 05-08-2024 *\/\n.elementor-widget-image-box .elementor-image-box-content{width:100%}@media (min-width:768px){.elementor-widget-image-box.elementor-position-left .elementor-image-box-wrapper,.elementor-widget-image-box.elementor-position-right .elementor-image-box-wrapper{display:flex}.elementor-widget-image-box.elementor-position-right .elementor-image-box-wrapper{text-align:end;flex-direction:row-reverse}.elementor-widget-image-box.elementor-position-left .elementor-image-box-wrapper{text-align:start;flex-direction:row}.elementor-widget-image-box.elementor-position-top .elementor-image-box-img{margin:auto}.elementor-widget-image-box.elementor-vertical-align-top .elementor-image-box-wrapper{align-items:flex-start}.elementor-widget-image-box.elementor-vertical-align-middle .elementor-image-box-wrapper{align-items:center}.elementor-widget-image-box.elementor-vertical-align-bottom .elementor-image-box-wrapper{align-items:flex-end}}@media (max-width:767px){.elementor-widget-image-box .elementor-image-box-img{margin-left:auto!important;margin-right:auto!important;margin-bottom:15px}}.elementor-widget-image-box .elementor-image-box-img{display:inline-block}.elementor-widget-image-box .elementor-image-box-title a{color:inherit}.elementor-widget-image-box .elementor-image-box-wrapper{text-align:center}.elementor-widget-image-box .elementor-image-box-description{margin:0}<\/style><div class=\"elementor-image-box-wrapper\"><figure class=\"elementor-image-box-img\"><img fetchpriority=\"high\" decoding=\"async\" width=\"555\" height=\"320\" src=\"https:\/\/jlg-construction.com\/wp-content\/uploads\/2025\/01\/555X320651958_Produkti_3-_T_profile_3-removebg-preview.png\" class=\"attachment-full size-full wp-image-4680\" alt=\"\" srcset=\"https:\/\/jlg-construction.com\/wp-content\/uploads\/2025\/01\/555X320651958_Produkti_3-_T_profile_3-removebg-preview.png 555w, https:\/\/jlg-construction.com\/wp-content\/uploads\/2025\/01\/555X320651958_Produkti_3-_T_profile_3-removebg-preview-300x173.png 300w, https:\/\/jlg-construction.com\/wp-content\/uploads\/2025\/01\/555X320651958_Produkti_3-_T_profile_3-removebg-preview-18x10.png 18w\" sizes=\"(max-width: 555px) 100vw, 555px\" \/><\/figure><div class=\"elementor-image-box-content\"><h4 class=\"elementor-image-box-title\">T PROFILE<\/h4><\/div><\/div>\t\t<\/div>\n\t\t\t\t<\/div>\n\t\t\t\t<div class=\"elementor-element elementor-element-1f84e9f elementor-position-top elementor-widget elementor-widget-image-box\" data-id=\"1f84e9f\" data-element_type=\"widget\" data-widget_type=\"image-box.default\">\n\t\t\t\t<div class=\"elementor-widget-container\">\n\t\t\t<div class=\"elementor-image-box-wrapper\"><figure class=\"elementor-image-box-img\"><img decoding=\"async\" width=\"555\" height=\"320\" src=\"https:\/\/jlg-construction.com\/wp-content\/uploads\/2025\/01\/U-PROFILE-removebg-preview.png\" class=\"attachment-full size-full wp-image-4681\" alt=\"\" srcset=\"https:\/\/jlg-construction.com\/wp-content\/uploads\/2025\/01\/U-PROFILE-removebg-preview.png 555w, https:\/\/jlg-construction.com\/wp-content\/uploads\/2025\/01\/U-PROFILE-removebg-preview-300x173.png 300w, https:\/\/jlg-construction.com\/wp-content\/uploads\/2025\/01\/U-PROFILE-removebg-preview-18x10.png 18w\" sizes=\"(max-width: 555px) 100vw, 555px\" \/><\/figure><div class=\"elementor-image-box-content\"><h4 class=\"elementor-image-box-title\">U PROFILE<\/h4><\/div><\/div>\t\t<\/div>\n\t\t\t\t<\/div>\n\t\t\t\t<div class=\"elementor-element elementor-element-5407c63 elementor-position-top elementor-widget elementor-widget-image-box\" data-id=\"5407c63\" data-element_type=\"widget\" data-widget_type=\"image-box.default\">\n\t\t\t\t<div class=\"elementor-widget-container\">\n\t\t\t<div class=\"elementor-image-box-wrapper\"><figure class=\"elementor-image-box-img\"><img decoding=\"async\" width=\"555\" height=\"320\" src=\"https:\/\/jlg-construction.com\/wp-content\/uploads\/2025\/01\/555X320332807_Produkti_3-_L_profile_2-removebg-preview.png\" class=\"attachment-full size-full wp-image-4682\" alt=\"\" srcset=\"https:\/\/jlg-construction.com\/wp-content\/uploads\/2025\/01\/555X320332807_Produkti_3-_L_profile_2-removebg-preview.png 555w, https:\/\/jlg-construction.com\/wp-content\/uploads\/2025\/01\/555X320332807_Produkti_3-_L_profile_2-removebg-preview-300x173.png 300w, https:\/\/jlg-construction.com\/wp-content\/uploads\/2025\/01\/555X320332807_Produkti_3-_L_profile_2-removebg-preview-18x10.png 18w\" sizes=\"(max-width: 555px) 100vw, 555px\" \/><\/figure><div class=\"elementor-image-box-content\"><h4 class=\"elementor-image-box-title\">L PROFILE<\/h4><\/div><\/div>\t\t<\/div>\n\t\t\t\t<\/div>\n\t\t\t\t<div class=\"elementor-element elementor-element-718fc48 elementor-position-top elementor-widget elementor-widget-image-box\" data-id=\"718fc48\" data-element_type=\"widget\" data-widget_type=\"image-box.default\">\n\t\t\t\t<div class=\"elementor-widget-container\">\n\t\t\t<div class=\"elementor-image-box-wrapper\"><figure class=\"elementor-image-box-img\"><img loading=\"lazy\" decoding=\"async\" width=\"555\" height=\"320\" src=\"https:\/\/jlg-construction.com\/wp-content\/uploads\/2025\/01\/IPE-PROFILE-removebg-preview.png\" class=\"attachment-full size-full wp-image-4683\" alt=\"\" srcset=\"https:\/\/jlg-construction.com\/wp-content\/uploads\/2025\/01\/IPE-PROFILE-removebg-preview.png 555w, https:\/\/jlg-construction.com\/wp-content\/uploads\/2025\/01\/IPE-PROFILE-removebg-preview-300x173.png 300w, https:\/\/jlg-construction.com\/wp-content\/uploads\/2025\/01\/IPE-PROFILE-removebg-preview-18x10.png 18w\" sizes=\"(max-width: 555px) 100vw, 555px\" \/><\/figure><div class=\"elementor-image-box-content\"><h4 class=\"elementor-image-box-title\">IPE PROFILE<\/h4><\/div><\/div>\t\t<\/div>\n\t\t\t\t<\/div>\n\t\t\t\t<div class=\"elementor-element elementor-element-cbca0bc elementor-position-top elementor-widget elementor-widget-image-box\" data-id=\"cbca0bc\" data-element_type=\"widget\" data-widget_type=\"image-box.default\">\n\t\t\t\t<div class=\"elementor-widget-container\">\n\t\t\t<div class=\"elementor-image-box-wrapper\"><figure class=\"elementor-image-box-img\"><img loading=\"lazy\" decoding=\"async\" width=\"555\" height=\"320\" src=\"https:\/\/jlg-construction.com\/wp-content\/uploads\/2025\/01\/555X320291222_Produkti_1_-HEA-HEB-removebg-preview.png\" class=\"attachment-full size-full wp-image-4685\" alt=\"\" srcset=\"https:\/\/jlg-construction.com\/wp-content\/uploads\/2025\/01\/555X320291222_Produkti_1_-HEA-HEB-removebg-preview.png 555w, https:\/\/jlg-construction.com\/wp-content\/uploads\/2025\/01\/555X320291222_Produkti_1_-HEA-HEB-removebg-preview-300x173.png 300w, https:\/\/jlg-construction.com\/wp-content\/uploads\/2025\/01\/555X320291222_Produkti_1_-HEA-HEB-removebg-preview-18x10.png 18w\" sizes=\"(max-width: 555px) 100vw, 555px\" \/><\/figure><div class=\"elementor-image-box-content\"><h4 class=\"elementor-image-box-title\">HEA \u2013 HEB PROFILE<\/h4><\/div><\/div>\t\t<\/div>\n\t\t\t\t<\/div>\n\t\t\t\t\t<\/div>\n\t\t\t\t<\/div>\n\t\t<div class=\"elementor-element elementor-element-aaa2f7b e-flex e-con-boxed e-con e-parent\" data-id=\"aaa2f7b\" data-element_type=\"container\">\n\t\t\t\t\t<div class=\"e-con-inner\">\n\t\t\t\t<div class=\"elementor-element elementor-element-a48478e elementor-widget elementor-widget-spacer\" data-id=\"a48478e\" data-element_type=\"widget\" data-widget_type=\"spacer.default\">\n\t\t\t\t<div class=\"elementor-widget-container\">\n\t\t\t<style>\/*! elementor - v3.23.0 - 05-08-2024 *\/\n.elementor-column .elementor-spacer-inner{height:var(--spacer-size)}.e-con{--container-widget-width:100%}.e-con-inner>.elementor-widget-spacer,.e-con>.elementor-widget-spacer{width:var(--container-widget-width,var(--spacer-size));--align-self:var(--container-widget-align-self,initial);--flex-shrink:0}.e-con-inner>.elementor-widget-spacer>.elementor-widget-container,.e-con>.elementor-widget-spacer>.elementor-widget-container{height:100%;width:100%}.e-con-inner>.elementor-widget-spacer>.elementor-widget-container>.elementor-spacer,.e-con>.elementor-widget-spacer>.elementor-widget-container>.elementor-spacer{height:100%}.e-con-inner>.elementor-widget-spacer>.elementor-widget-container>.elementor-spacer>.elementor-spacer-inner,.e-con>.elementor-widget-spacer>.elementor-widget-container>.elementor-spacer>.elementor-spacer-inner{height:var(--container-widget-height,var(--spacer-size))}.e-con-inner>.elementor-widget-spacer.elementor-widget-empty,.e-con>.elementor-widget-spacer.elementor-widget-empty{position:relative;min-height:22px;min-width:22px}.e-con-inner>.elementor-widget-spacer.elementor-widget-empty .elementor-widget-empty-icon,.e-con>.elementor-widget-spacer.elementor-widget-empty .elementor-widget-empty-icon{position:absolute;top:0;bottom:0;left:0;right:0;margin:auto;padding:0;width:22px;height:22px}<\/style>\t\t<div class=\"elementor-spacer\">\n\t\t\t<div class=\"elementor-spacer-inner\"><\/div>\n\t\t<\/div>\n\t\t\t\t<\/div>\n\t\t\t\t<\/div>\n\t\t\t\t\t<\/div>\n\t\t\t\t<\/div>\n\t\t<div class=\"elementor-element elementor-element-3d17444 e-flex e-con-boxed e-con e-parent\" data-id=\"3d17444\" data-element_type=\"container\">\n\t\t\t\t\t<div class=\"e-con-inner\">\n\t\t\t\t<div class=\"elementor-element elementor-element-0cc656a elementor-widget elementor-widget-heading bdevs-el heading\" data-id=\"0cc656a\" data-element_type=\"widget\" data-settings=\"{&quot;design_style&quot;:&quot;style_1&quot;}\" data-widget_type=\"heading.default\">\n\t\t\t\t<div class=\"elementor-widget-container\">\n\t\t\t\r\n                    <div class=\"container\">\r\n                <div class=\"row\">\r\n                    <div class=\"col-12\">\r\n                        <div class=\"title_style1 position-relative bdevs-el-content\">\r\n                            \r\n                            <h5 class=\"section-title bdevs-el-title\">PRODUITS PVC - PROFILS DE PORTES ET FEN\u00caTRES<\/h5>\r\n                            \r\n                                                    <\/div>\r\n                    <\/div>\r\n                <\/div>\r\n            <\/div>\r\n\r\n\r\n\r\n        \r\n\t\t<\/div>\n\t\t\t\t<\/div>\n\t\t\t\t\t<\/div>\n\t\t\t\t<\/div>\n\t\t<div class=\"elementor-element elementor-element-6372bd7 e-grid e-con-boxed e-con e-parent\" data-id=\"6372bd7\" data-element_type=\"container\">\n\t\t\t\t\t<div class=\"e-con-inner\">\n\t\t\t\t<div class=\"elementor-element elementor-element-d67951e elementor-position-top elementor-widget elementor-widget-image-box\" data-id=\"d67951e\" data-element_type=\"widget\" data-widget_type=\"image-box.default\">\n\t\t\t\t<div class=\"elementor-widget-container\">\n\t\t\t<div class=\"elementor-image-box-wrapper\"><figure class=\"elementor-image-box-img\"><img loading=\"lazy\" decoding=\"async\" width=\"1080\" height=\"1080\" src=\"https:\/\/jlg-construction.com\/wp-content\/uploads\/2025\/01\/New-Project-14.png\" class=\"attachment-full size-full wp-image-4532\" alt=\"\" srcset=\"https:\/\/jlg-construction.com\/wp-content\/uploads\/2025\/01\/New-Project-14.png 1080w, https:\/\/jlg-construction.com\/wp-content\/uploads\/2025\/01\/New-Project-14-300x300.png 300w, https:\/\/jlg-construction.com\/wp-content\/uploads\/2025\/01\/New-Project-14-1024x1024.png 1024w, https:\/\/jlg-construction.com\/wp-content\/uploads\/2025\/01\/New-Project-14-150x150.png 150w, https:\/\/jlg-construction.com\/wp-content\/uploads\/2025\/01\/New-Project-14-768x768.png 768w, https:\/\/jlg-construction.com\/wp-content\/uploads\/2025\/01\/New-Project-14-12x12.png 12w, https:\/\/jlg-construction.com\/wp-content\/uploads\/2025\/01\/New-Project-14-600x600.png 600w, https:\/\/jlg-construction.com\/wp-content\/uploads\/2025\/01\/New-Project-14-100x100.png 100w\" sizes=\"(max-width: 1080px) 100vw, 1080px\" \/><\/figure><div class=\"elementor-image-box-content\"><h4 class=\"elementor-image-box-title\">PORTE - D\u00c9TAIL DE LA D\u00c9COUPE<\/h4><\/div><\/div>\t\t<\/div>\n\t\t\t\t<\/div>\n\t\t\t\t<div class=\"elementor-element elementor-element-2f36000 elementor-position-top elementor-widget elementor-widget-image-box\" data-id=\"2f36000\" data-element_type=\"widget\" data-widget_type=\"image-box.default\">\n\t\t\t\t<div class=\"elementor-widget-container\">\n\t\t\t<div class=\"elementor-image-box-wrapper\"><figure class=\"elementor-image-box-img\"><img loading=\"lazy\" decoding=\"async\" width=\"750\" height=\"750\" src=\"https:\/\/jlg-construction.com\/wp-content\/uploads\/2025\/01\/New-Project-12-1.png\" class=\"attachment-full size-full wp-image-4530\" alt=\"\" srcset=\"https:\/\/jlg-construction.com\/wp-content\/uploads\/2025\/01\/New-Project-12-1.png 750w, https:\/\/jlg-construction.com\/wp-content\/uploads\/2025\/01\/New-Project-12-1-300x300.png 300w, https:\/\/jlg-construction.com\/wp-content\/uploads\/2025\/01\/New-Project-12-1-150x150.png 150w, https:\/\/jlg-construction.com\/wp-content\/uploads\/2025\/01\/New-Project-12-1-12x12.png 12w, https:\/\/jlg-construction.com\/wp-content\/uploads\/2025\/01\/New-Project-12-1-600x600.png 600w, https:\/\/jlg-construction.com\/wp-content\/uploads\/2025\/01\/New-Project-12-1-100x100.png 100w\" sizes=\"(max-width: 750px) 100vw, 750px\" \/><\/figure><div class=\"elementor-image-box-content\"><h4 class=\"elementor-image-box-title\">FEN\u00caTRE - D\u00c9TAIL D\u00c9COUP\u00c9<\/h4><\/div><\/div>\t\t<\/div>\n\t\t\t\t<\/div>\n\t\t\t\t<div class=\"elementor-element elementor-element-5e91887 elementor-position-top elementor-widget elementor-widget-image-box\" data-id=\"5e91887\" data-element_type=\"widget\" data-widget_type=\"image-box.default\">\n\t\t\t\t<div class=\"elementor-widget-container\">\n\t\t\t<div class=\"elementor-image-box-wrapper\"><figure class=\"elementor-image-box-img\"><img loading=\"lazy\" decoding=\"async\" width=\"1080\" height=\"1080\" src=\"https:\/\/jlg-construction.com\/wp-content\/uploads\/2025\/01\/New-Project-15.png\" class=\"attachment-full size-full wp-image-4533\" alt=\"\" srcset=\"https:\/\/jlg-construction.com\/wp-content\/uploads\/2025\/01\/New-Project-15.png 1080w, https:\/\/jlg-construction.com\/wp-content\/uploads\/2025\/01\/New-Project-15-300x300.png 300w, https:\/\/jlg-construction.com\/wp-content\/uploads\/2025\/01\/New-Project-15-1024x1024.png 1024w, https:\/\/jlg-construction.com\/wp-content\/uploads\/2025\/01\/New-Project-15-150x150.png 150w, https:\/\/jlg-construction.com\/wp-content\/uploads\/2025\/01\/New-Project-15-768x768.png 768w, https:\/\/jlg-construction.com\/wp-content\/uploads\/2025\/01\/New-Project-15-12x12.png 12w, https:\/\/jlg-construction.com\/wp-content\/uploads\/2025\/01\/New-Project-15-600x600.png 600w, https:\/\/jlg-construction.com\/wp-content\/uploads\/2025\/01\/New-Project-15-100x100.png 100w\" sizes=\"(max-width: 1080px) 100vw, 1080px\" \/><\/figure><div class=\"elementor-image-box-content\"><h4 class=\"elementor-image-box-title\">FEN\u00caTRE COULISSANTE - D\u00c9TAIL DE LA D\u00c9COUPE<\/h4><\/div><\/div>\t\t<\/div>\n\t\t\t\t<\/div>\n\t\t\t\t\t<\/div>\n\t\t\t\t<\/div>\n\t\t\t\t<\/div>\n\t\t","protected":false},"excerpt":{"rendered":"<p>La produit produit PRODUITS M\u00c9TALLIQUES &#8211; PROFILS DE TRAVAIL T PROFILE U PROFILE L PROFILE IPE PROFILE HEA \u2013 HEB PROFILE PRODUITS PVC &#8211; PROFILS DE PORTES ET FEN\u00caTRES PORTE &#8211; D\u00c9TAIL DE LA D\u00c9COUPE FEN\u00caTRE &#8211; D\u00c9TAIL D\u00c9COUP\u00c9 FEN\u00caTRE COULISSANTE &#8211; D\u00c9TAIL DE LA D\u00c9COUPE<\/p>\n","protected":false},"author":1,"featured_media":0,"parent":0,"menu_order":0,"comment_status":"closed","ping_status":"open","template":"","meta":{"_acf_changed":false,"footnotes":""},"class_list":["post-2","page","type-page","status-publish","hentry"],"acf":[],"_links":{"self":[{"href":"https:\/\/jlg-construction.com\/fr\/wp-json\/wp\/v2\/pages\/2","targetHints":{"allow":["GET"]}}],"collection":[{"href":"https:\/\/jlg-construction.com\/fr\/wp-json\/wp\/v2\/pages"}],"about":[{"href":"https:\/\/jlg-construction.com\/fr\/wp-json\/wp\/v2\/types\/page"}],"author":[{"embeddable":true,"href":"https:\/\/jlg-construction.com\/fr\/wp-json\/wp\/v2\/users\/1"}],"replies":[{"embeddable":true,"href":"https:\/\/jlg-construction.com\/fr\/wp-json\/wp\/v2\/comments?post=2"}],"version-history":[{"count":137,"href":"https:\/\/jlg-construction.com\/fr\/wp-json\/wp\/v2\/pages\/2\/revisions"}],"predecessor-version":[{"id":4860,"href":"https:\/\/jlg-construction.com\/fr\/wp-json\/wp\/v2\/pages\/2\/revisions\/4860"}],"wp:attachment":[{"href":"https:\/\/jlg-construction.com\/fr\/wp-json\/wp\/v2\/media?parent=2"}],"curies":[{"name":"wp","href":"https:\/\/api.w.org\/{rel}","templated":true}]}}