{"id":66,"date":"2020-08-26T05:54:33","date_gmt":"2020-08-26T05:54:33","guid":{"rendered":"https:\/\/www.devsnews.com\/wp\/bildpress\/?page_id=66"},"modified":"2025-01-23T13:09:49","modified_gmt":"2025-01-23T13:09:49","slug":"faq","status":"publish","type":"page","link":"https:\/\/jlg-construction.com\/en\/faq\/","title":{"rendered":"Faq"},"content":{"rendered":"<div data-elementor-type=\"wp-page\" data-elementor-id=\"66\" class=\"elementor elementor-66\">\n\t\t\t\t\t\t<section class=\"elementor-section elementor-top-section elementor-element elementor-element-64db154 elementor-section-full_width elementor-section-height-default elementor-section-height-default\" data-id=\"64db154\" data-element_type=\"section\" data-settings=\"{&quot;background_background&quot;:&quot;classic&quot;}\">\n\t\t\t\t\t\t<div class=\"elementor-container elementor-column-gap-no\">\n\t\t\t\t\t<div class=\"elementor-column elementor-col-100 elementor-top-column elementor-element elementor-element-44b95d6\" data-id=\"44b95d6\" data-element_type=\"column\">\n\t\t\t<div class=\"elementor-widget-wrap elementor-element-populated\">\n\t\t\t\t\t\t<div class=\"elementor-element elementor-element-d2da976 elementor-widget elementor-widget-faq bdevs-el faq\" data-id=\"d2da976\" data-element_type=\"widget\" data-settings=\"{&quot;design_style&quot;:&quot;style_2&quot;}\" data-widget_type=\"faq.default\">\n\t\t\t\t<div class=\"elementor-widget-container\">\n\t\t\t\r\n        \r\n        <section class=\"faq2 bdevs-el-content\">\r\n            <div class=\"content_box_120\">\r\n                <div class=\"container\">\r\n                    <div class=\"row mb-40\">\r\n                        <div class=\"col-xl-7 col-lg-7\">\r\n                            <div class=\"title_style1\">\r\n                                                                <h2 class=\"section-title bdevs-el-title\">Frequently asked questions<\/h2>                                \r\n                            <\/div>\r\n                        <\/div>\r\n                    <\/div>\r\n                    <div class=\"row\">\r\n                        <div class=\"col-lg-12\">\r\n                            <!-- accordion -->\r\n                            <div class=\"accordion_style_01\">\r\n                                <div class=\"accordion\" id=\"accordionExample\">\r\n                                    <div class=\"row\">\r\n                                         \r\n                                        <div class=\"col-lg-6\">\r\n                                            <div class=\"card\">\r\n                                                <div class=\"card-header\" id=\"heading_0\">\r\n                                                    <h5>\r\n                                                        <a class=\"bdevs-el-tab-title-content bdevs-el-tab-title\" href=\"#\" data-toggle=\"collapse\" data-target=\"#collapse_0\"\r\n                                                            aria-expanded=\"false\" aria-controls=\"collapse_0\">\r\n                                                            What services do you provide?                                                            <i class=\"far fa-plus\"><\/i>\r\n                                                            <i class=\"far fa-minus\"><\/i>\r\n                                                        <\/a>\r\n                                                    <\/h5>\r\n                                                <\/div>\r\n                                                <div id=\"collapse_0\" class=\"collapse\" aria-labelledby=\"heading_0\"\r\n                                                    data-parent=\"#accordionExample\">\r\n                                                    <div class=\"card-body bdevs-el-tab-des-content\">\r\n                                                        <p class=\"bdevs-el-tab-des\">We specialize in the professional installation of high-quality doors and windows for residential and commercial spaces. Our qualified team ensures precision, durability, and optimal performance for every project.<\/p>\r\n                                                    <\/div>\r\n                                                <\/div>\r\n                                            <\/div>\r\n                                        <\/div>\r\n                                         \r\n                                        <div class=\"col-lg-6\">\r\n                                            <div class=\"card\">\r\n                                                <div class=\"card-header\" id=\"heading_1\">\r\n                                                    <h5>\r\n                                                        <a class=\"bdevs-el-tab-title-content bdevs-el-tab-title\" href=\"#\" data-toggle=\"collapse\" data-target=\"#collapse_1\"\r\n                                                            aria-expanded=\"false\" aria-controls=\"collapse_1\">\r\n                                                             Do you offer customization options?                                                            <i class=\"far fa-plus\"><\/i>\r\n                                                            <i class=\"far fa-minus\"><\/i>\r\n                                                        <\/a>\r\n                                                    <\/h5>\r\n                                                <\/div>\r\n                                                <div id=\"collapse_1\" class=\"collapse\" aria-labelledby=\"heading_1\"\r\n                                                    data-parent=\"#accordionExample\">\r\n                                                    <div class=\"card-body bdevs-el-tab-des-content\">\r\n                                                        <p class=\"bdevs-el-tab-des\">Yes, we offer customization options to meet your design preferences and functional requirements, ensuring a perfect fit for your space.<\/p>\r\n                                                    <\/div>\r\n                                                <\/div>\r\n                                            <\/div>\r\n                                        <\/div>\r\n                                         \r\n                                        <div class=\"col-lg-6\">\r\n                                            <div class=\"card\">\r\n                                                <div class=\"card-header\" id=\"heading_2\">\r\n                                                    <h5>\r\n                                                        <a class=\"bdevs-el-tab-title-content bdevs-el-tab-title\" href=\"#\" data-toggle=\"collapse\" data-target=\"#collapse_2\"\r\n                                                            aria-expanded=\"false\" aria-controls=\"collapse_2\">\r\n                                                            What are the key steps in constructing a structure, from start to finish?                                                            <i class=\"far fa-plus\"><\/i>\r\n                                                            <i class=\"far fa-minus\"><\/i>\r\n                                                        <\/a>\r\n                                                    <\/h5>\r\n                                                <\/div>\r\n                                                <div id=\"collapse_2\" class=\"collapse\" aria-labelledby=\"heading_2\"\r\n                                                    data-parent=\"#accordionExample\">\r\n                                                    <div class=\"card-body bdevs-el-tab-des-content\">\r\n                                                        <p class=\"bdevs-el-tab-des\">Construction follows planning, site preparation, foundations, structure construction, system installation, then finishing and inspections.<\/p>\r\n                                                    <\/div>\r\n                                                <\/div>\r\n                                            <\/div>\r\n                                        <\/div>\r\n                                         \r\n                                        <div class=\"col-lg-6\">\r\n                                            <div class=\"card\">\r\n                                                <div class=\"card-header\" id=\"heading_3\">\r\n                                                    <h5>\r\n                                                        <a class=\"bdevs-el-tab-title-content bdevs-el-tab-title\" href=\"#\" data-toggle=\"collapse\" data-target=\"#collapse_3\"\r\n                                                            aria-expanded=\"false\" aria-controls=\"collapse_3\">\r\n                                                            How are construction materials chosen based on the specific requirements of a project?                                                             <i class=\"far fa-plus\"><\/i>\r\n                                                            <i class=\"far fa-minus\"><\/i>\r\n                                                        <\/a>\r\n                                                    <\/h5>\r\n                                                <\/div>\r\n                                                <div id=\"collapse_3\" class=\"collapse\" aria-labelledby=\"heading_3\"\r\n                                                    data-parent=\"#accordionExample\">\r\n                                                    <div class=\"card-body bdevs-el-tab-des-content\">\r\n                                                        <p class=\"bdevs-el-tab-des\"> Materials are chosen based on their strength, insulation, aesthetics, and cost, such as steel for strength or wood for a light style.\n\n<\/p>\r\n                                                    <\/div>\r\n                                                <\/div>\r\n                                            <\/div>\r\n                                        <\/div>\r\n                                         \r\n                                        <div class=\"col-lg-6\">\r\n                                            <div class=\"card\">\r\n                                                <div class=\"card-header\" id=\"heading_4\">\r\n                                                    <h5>\r\n                                                        <a class=\"bdevs-el-tab-title-content bdevs-el-tab-title\" href=\"#\" data-toggle=\"collapse\" data-target=\"#collapse_4\"\r\n                                                            aria-expanded=\"false\" aria-controls=\"collapse_4\">\r\n                                                            What are the major challenges encountered during the construction of complex structures, and how are they overcome?                                                             <i class=\"far fa-plus\"><\/i>\r\n                                                            <i class=\"far fa-minus\"><\/i>\r\n                                                        <\/a>\r\n                                                    <\/h5>\r\n                                                <\/div>\r\n                                                <div id=\"collapse_4\" class=\"collapse\" aria-labelledby=\"heading_4\"\r\n                                                    data-parent=\"#accordionExample\">\r\n                                                    <div class=\"card-body bdevs-el-tab-des-content\">\r\n                                                        <p class=\"bdevs-el-tab-des\">Challenges include unforeseen issues and delays. Good planning and communication, along with digital tools, help manage them effectively.<\/p>\r\n                                                    <\/div>\r\n                                                <\/div>\r\n                                            <\/div>\r\n                                        <\/div>\r\n                                         \r\n                                        <div class=\"col-lg-6\">\r\n                                            <div class=\"card\">\r\n                                                <div class=\"card-header\" id=\"heading_5\">\r\n                                                    <h5>\r\n                                                        <a class=\"bdevs-el-tab-title-content bdevs-el-tab-title\" href=\"#\" data-toggle=\"collapse\" data-target=\"#collapse_5\"\r\n                                                            aria-expanded=\"false\" aria-controls=\"collapse_5\">\r\n                                                            What types of doors and windows do you install?                                                            <i class=\"far fa-plus\"><\/i>\r\n                                                            <i class=\"far fa-minus\"><\/i>\r\n                                                        <\/a>\r\n                                                    <\/h5>\r\n                                                <\/div>\r\n                                                <div id=\"collapse_5\" class=\"collapse\" aria-labelledby=\"heading_5\"\r\n                                                    data-parent=\"#accordionExample\">\r\n                                                    <div class=\"card-body bdevs-el-tab-des-content\">\r\n                                                        <p class=\"bdevs-el-tab-des\">We install a wide range of doors and windows, including wood, aluminum, vinyl, and composite materials, tailored to your specific needs.<\/p>\r\n                                                    <\/div>\r\n                                                <\/div>\r\n                                            <\/div>\r\n                                        <\/div>\r\n                                         \r\n                                        <div class=\"col-lg-6\">\r\n                                            <div class=\"card\">\r\n                                                <div class=\"card-header\" id=\"heading_6\">\r\n                                                    <h5>\r\n                                                        <a class=\"bdevs-el-tab-title-content bdevs-el-tab-title\" href=\"#\" data-toggle=\"collapse\" data-target=\"#collapse_6\"\r\n                                                            aria-expanded=\"false\" aria-controls=\"collapse_6\">\r\n                                                            What services do you offer for metal structures?                                                            <i class=\"far fa-plus\"><\/i>\r\n                                                            <i class=\"far fa-minus\"><\/i>\r\n                                                        <\/a>\r\n                                                    <\/h5>\r\n                                                <\/div>\r\n                                                <div id=\"collapse_6\" class=\"collapse\" aria-labelledby=\"heading_6\"\r\n                                                    data-parent=\"#accordionExample\">\r\n                                                    <div class=\"card-body bdevs-el-tab-des-content\">\r\n                                                        <p class=\"bdevs-el-tab-des\">We offer fabrication and installation services for metal structures, using advanced techniques to ensure optimum strength, precision and durability.<\/p>\r\n                                                    <\/div>\r\n                                                <\/div>\r\n                                            <\/div>\r\n                                        <\/div>\r\n                                         \r\n                                        <div class=\"col-lg-6\">\r\n                                            <div class=\"card\">\r\n                                                <div class=\"card-header\" id=\"heading_7\">\r\n                                                    <h5>\r\n                                                        <a class=\"bdevs-el-tab-title-content bdevs-el-tab-title\" href=\"#\" data-toggle=\"collapse\" data-target=\"#collapse_7\"\r\n                                                            aria-expanded=\"false\" aria-controls=\"collapse_7\">\r\n                                                            What techniques do you use for manufacturing metal structures?                                                            <i class=\"far fa-plus\"><\/i>\r\n                                                            <i class=\"far fa-minus\"><\/i>\r\n                                                        <\/a>\r\n                                                    <\/h5>\r\n                                                <\/div>\r\n                                                <div id=\"collapse_7\" class=\"collapse\" aria-labelledby=\"heading_7\"\r\n                                                    data-parent=\"#accordionExample\">\r\n                                                    <div class=\"card-body bdevs-el-tab-des-content\">\r\n                                                        <p class=\"bdevs-el-tab-des\">We use advanced techniques such as advanced welding and modern manufacturing methods to maximize the precision and robustness of each project.<\/p>\r\n                                                    <\/div>\r\n                                                <\/div>\r\n                                            <\/div>\r\n                                        <\/div>\r\n                                         \r\n                                        <div class=\"col-lg-6\">\r\n                                            <div class=\"card\">\r\n                                                <div class=\"card-header\" id=\"heading_8\">\r\n                                                    <h5>\r\n                                                        <a class=\"bdevs-el-tab-title-content bdevs-el-tab-title\" href=\"#\" data-toggle=\"collapse\" data-target=\"#collapse_8\"\r\n                                                            aria-expanded=\"false\" aria-controls=\"collapse_8\">\r\n                                                            What types of metal structures do you build?                                                            <i class=\"far fa-plus\"><\/i>\r\n                                                            <i class=\"far fa-minus\"><\/i>\r\n                                                        <\/a>\r\n                                                    <\/h5>\r\n                                                <\/div>\r\n                                                <div id=\"collapse_8\" class=\"collapse\" aria-labelledby=\"heading_8\"\r\n                                                    data-parent=\"#accordionExample\">\r\n                                                    <div class=\"card-body bdevs-el-tab-des-content\">\r\n                                                        <p class=\"bdevs-el-tab-des\">We design and manufacture a wide range of metal structures, from industrial frames to frameworks for commercial and residential buildings.\n<\/p>\r\n                                                    <\/div>\r\n                                                <\/div>\r\n                                            <\/div>\r\n                                        <\/div>\r\n                                         \r\n                                        <div class=\"col-lg-6\">\r\n                                            <div class=\"card\">\r\n                                                <div class=\"card-header\" id=\"heading_9\">\r\n                                                    <h5>\r\n                                                        <a class=\"bdevs-el-tab-title-content bdevs-el-tab-title\" href=\"#\" data-toggle=\"collapse\" data-target=\"#collapse_9\"\r\n                                                            aria-expanded=\"false\" aria-controls=\"collapse_9\">\r\n                                                            What types of doors and windows do you produce?                                                            <i class=\"far fa-plus\"><\/i>\r\n                                                            <i class=\"far fa-minus\"><\/i>\r\n                                                        <\/a>\r\n                                                    <\/h5>\r\n                                                <\/div>\r\n                                                <div id=\"collapse_9\" class=\"collapse\" aria-labelledby=\"heading_9\"\r\n                                                    data-parent=\"#accordionExample\">\r\n                                                    <div class=\"card-body bdevs-el-tab-des-content\">\r\n                                                        <p class=\"bdevs-el-tab-des\">We specialize in the production of high-quality plastic and aluminum doors and windows, designed for residential and commercial spaces.<\/p>\r\n                                                    <\/div>\r\n                                                <\/div>\r\n                                            <\/div>\r\n                                        <\/div>\r\n                                         \r\n                                        <div class=\"col-lg-6\">\r\n                                            <div class=\"card\">\r\n                                                <div class=\"card-header\" id=\"heading_10\">\r\n                                                    <h5>\r\n                                                        <a class=\"bdevs-el-tab-title-content bdevs-el-tab-title\" href=\"#\" data-toggle=\"collapse\" data-target=\"#collapse_10\"\r\n                                                            aria-expanded=\"false\" aria-controls=\"collapse_10\">\r\n                                                             What are the advantages of choosing plastic or aluminum windows and doors?                                                            <i class=\"far fa-plus\"><\/i>\r\n                                                            <i class=\"far fa-minus\"><\/i>\r\n                                                        <\/a>\r\n                                                    <\/h5>\r\n                                                <\/div>\r\n                                                <div id=\"collapse_10\" class=\"collapse\" aria-labelledby=\"heading_10\"\r\n                                                    data-parent=\"#accordionExample\">\r\n                                                    <div class=\"card-body bdevs-el-tab-des-content\">\r\n                                                        <p class=\"bdevs-el-tab-des\">Plastic (uPVC) and aluminium materials offer excellent durability, energy efficiency, low maintenance and an elegant, modern appearance.<\/p>\r\n                                                    <\/div>\r\n                                                <\/div>\r\n                                            <\/div>\r\n                                        <\/div>\r\n                                         \r\n                                        <div class=\"col-lg-6\">\r\n                                            <div class=\"card\">\r\n                                                <div class=\"card-header\" id=\"heading_11\">\r\n                                                    <h5>\r\n                                                        <a class=\"bdevs-el-tab-title-content bdevs-el-tab-title\" href=\"#\" data-toggle=\"collapse\" data-target=\"#collapse_11\"\r\n                                                            aria-expanded=\"false\" aria-controls=\"collapse_11\">\r\n                                                            Can I customize the design of my doors and windows?                                                            <i class=\"far fa-plus\"><\/i>\r\n                                                            <i class=\"far fa-minus\"><\/i>\r\n                                                        <\/a>\r\n                                                    <\/h5>\r\n                                                <\/div>\r\n                                                <div id=\"collapse_11\" class=\"collapse\" aria-labelledby=\"heading_11\"\r\n                                                    data-parent=\"#accordionExample\">\r\n                                                    <div class=\"card-body bdevs-el-tab-des-content\">\r\n                                                        <p class=\"bdevs-el-tab-des\">Yes, we offer fully customizable options in terms of dimensions, colors, finishes, and additional features to meet your specific needs.\n<\/p>\r\n                                                    <\/div>\r\n                                                <\/div>\r\n                                            <\/div>\r\n                                        <\/div>\r\n                                                                            <\/div>\r\n                                <\/div>\r\n                            <\/div>\r\n                            <!-- accordion -->\r\n                        <\/div>\r\n                    <\/div>\r\n                <\/div>\r\n            <\/div>\r\n        <\/section>\r\n         \r\n\r\n        \t\t<\/div>\n\t\t\t\t<\/div>\n\t\t\t\t\t<\/div>\n\t\t<\/div>\n\t\t\t\t\t<\/div>\n\t\t<\/section>\n\t\t\t\t<\/div>","protected":false},"excerpt":{"rendered":"<p>Questions fr\u00e9quemment pos\u00e9es Quels services proposez-vous ? Nous sommes sp\u00e9cialis\u00e9s dans l&rsquo;installation professionnelle de portes et de fen\u00eatres de haute qualit\u00e9 pour les espaces r\u00e9sidentiels et commerciaux. Notre \u00e9quipe qualifi\u00e9e garantit la pr\u00e9cision, la durabilit\u00e9 et les performances optimales de chaque projet. Proposez-vous des options de personnalisation ? Oui, nous proposons des options de personnalisation [&hellip;]<\/p>","protected":false},"author":1,"featured_media":0,"parent":0,"menu_order":0,"comment_status":"closed","ping_status":"closed","template":"elementor_header_footer","meta":{"_acf_changed":false,"footnotes":""},"class_list":["post-66","page","type-page","status-publish","hentry"],"acf":[],"_links":{"self":[{"href":"https:\/\/jlg-construction.com\/en\/wp-json\/wp\/v2\/pages\/66","targetHints":{"allow":["GET"]}}],"collection":[{"href":"https:\/\/jlg-construction.com\/en\/wp-json\/wp\/v2\/pages"}],"about":[{"href":"https:\/\/jlg-construction.com\/en\/wp-json\/wp\/v2\/types\/page"}],"author":[{"embeddable":true,"href":"https:\/\/jlg-construction.com\/en\/wp-json\/wp\/v2\/users\/1"}],"replies":[{"embeddable":true,"href":"https:\/\/jlg-construction.com\/en\/wp-json\/wp\/v2\/comments?post=66"}],"version-history":[{"count":48,"href":"https:\/\/jlg-construction.com\/en\/wp-json\/wp\/v2\/pages\/66\/revisions"}],"predecessor-version":[{"id":4782,"href":"https:\/\/jlg-construction.com\/en\/wp-json\/wp\/v2\/pages\/66\/revisions\/4782"}],"wp:attachment":[{"href":"https:\/\/jlg-construction.com\/en\/wp-json\/wp\/v2\/media?parent=66"}],"curies":[{"name":"wp","href":"https:\/\/api.w.org\/{rel}","templated":true}]}}