{"id":60,"date":"2020-08-26T05:53:21","date_gmt":"2020-08-26T05:53:21","guid":{"rendered":"https:\/\/www.devsnews.com\/wp\/bildpress\/?page_id=60"},"modified":"2025-01-27T15:02:10","modified_gmt":"2025-01-27T15:02:10","slug":"projects","status":"publish","type":"page","link":"https:\/\/jlg-construction.com\/en\/projects\/","title":{"rendered":"Project"},"content":{"rendered":"<div data-elementor-type=\"wp-page\" data-elementor-id=\"60\" class=\"elementor elementor-60\">\n\t\t\t\t<div class=\"elementor-element elementor-element-35619e7 e-flex e-con-boxed e-con e-parent\" data-id=\"35619e7\" data-element_type=\"container\">\n\t\t\t\t\t<div class=\"e-con-inner\">\n\t\t<div class=\"elementor-element elementor-element-42f8d30 e-con-full e-flex e-con e-child\" data-id=\"42f8d30\" data-element_type=\"container\">\n\t\t\t\t<div class=\"elementor-element elementor-element-cec1aaa elementor-widget elementor-widget-heading bdevs-el heading\" data-id=\"cec1aaa\" data-element_type=\"widget\" data-settings=\"{&quot;design_style&quot;:&quot;style_1&quot;}\" data-widget_type=\"heading.default\">\n\t\t\t\t<div class=\"elementor-widget-container\">\n\t\t\t<style>\/*! elementor - v3.23.0 - 05-08-2024 *\/\n.elementor-heading-title{padding:0;margin:0;line-height:1}.elementor-widget-heading .elementor-heading-title[class*=elementor-size-]>a{color:inherit;font-size:inherit;line-height:inherit}.elementor-widget-heading .elementor-heading-title.elementor-size-small{font-size:15px}.elementor-widget-heading .elementor-heading-title.elementor-size-medium{font-size:19px}.elementor-widget-heading .elementor-heading-title.elementor-size-large{font-size:29px}.elementor-widget-heading .elementor-heading-title.elementor-size-xl{font-size:39px}.elementor-widget-heading .elementor-heading-title.elementor-size-xxl{font-size:59px}<\/style>\r\n                    <div class=\"container\">\r\n                <div class=\"row\">\r\n                    <div class=\"col-12\">\r\n                        <div class=\"title_style1 position-relative bdevs-el-content\">\r\n                            \r\n                            <h2 class=\"section-title bdevs-el-title\">Projects<\/h2>\r\n                            \r\n                                                    <\/div>\r\n                    <\/div>\r\n                <\/div>\r\n            <\/div>\r\n\r\n\r\n\r\n        \r\n\t\t<\/div>\n\t\t\t\t<\/div>\n\t\t\t\t<\/div>\n\t\t\t\t\t<\/div>\n\t\t\t\t<\/div>\n\t\t\t\t<section class=\"elementor-section elementor-top-section elementor-element elementor-element-da078eb elementor-section-full_width elementor-section-height-default elementor-section-height-default\" data-id=\"da078eb\" data-element_type=\"section\">\n\t\t\t\t\t\t<div class=\"elementor-container elementor-column-gap-no\">\n\t\t\t\t\t<div class=\"elementor-column elementor-col-100 elementor-top-column elementor-element elementor-element-a9ef89b\" data-id=\"a9ef89b\" data-element_type=\"column\">\n\t\t\t<div class=\"elementor-widget-wrap elementor-element-populated\">\n\t\t\t\t\t\t<div class=\"elementor-element elementor-element-5a4868c elementor-widget elementor-widget-project_slider bdevs-el project_slider\" data-id=\"5a4868c\" data-element_type=\"widget\" data-settings=\"{&quot;design_style&quot;:&quot;style_2&quot;,&quot;navigation&quot;:&quot;both&quot;,&quot;animation_speed&quot;:300,&quot;autoplay&quot;:&quot;yes&quot;,&quot;autoplay_speed&quot;:3000,&quot;loop&quot;:&quot;yes&quot;}\" data-widget_type=\"project_slider.default\">\n\t\t\t\t<div class=\"elementor-widget-container\">\n\t\t\t\r\n                <section class=\"projects1 other_page2\">\r\n            <div class=\"container\">\r\n                <div class=\"row\">\r\n                       \r\n                    <div class=\"col-lg-6\">\r\n                        <div class=\"projects1__item mb-50\">\r\n                                                        <div class=\"projects1__thumb\">\r\n                                <a class=\"popup-image\" href=\"https:\/\/jlg-construction.com\/wp-content\/uploads\/2024\/11\/New-Project-2.png\"><img decoding=\"async\" src=\"https:\/\/jlg-construction.com\/wp-content\/uploads\/2024\/11\/New-Project-2.png\" alt=\"Project Image\"><\/a>\r\n                            <\/div>\r\n                                                        <div class=\"projects1__content bdevs-el-content\">\r\n                                                                <div class=\"projects1__content--text\">\r\n                                    <div class=\"projects1__content--title\">\r\n                                            \r\n                                        <h5 class=\"bdevs-el-subtitle\"><a href=\"\">Construction of a multi-storey residential building<\/a><\/h5>\r\n                                        \r\n                                                                                <h2 class=\"bdevs-el-title\"><a href=\"\">30 Rue du Ch\u00e2teau - 92220 - Neuilly sur Seine - Paris<\/a><\/h2>\r\n                                                                            <\/div>\r\n                                                                        <div class=\"projects1__content--data\">\r\n                                        \r\n                                          \r\n                                    <\/div>\r\n                                <\/div>\r\n                            <\/div>\r\n                        <\/div>\r\n                    <\/div>\r\n                       \r\n                    <div class=\"col-lg-6\">\r\n                        <div class=\"projects1__item mb-50\">\r\n                                                        <div class=\"projects1__thumb\">\r\n                                <a class=\"popup-image\" href=\"https:\/\/jlg-construction.com\/wp-content\/uploads\/2020\/10\/original-D2BEA5EC-CC03-401F-A808-8778B184E453.jpeg\"><img decoding=\"async\" src=\"https:\/\/jlg-construction.com\/wp-content\/uploads\/2020\/10\/original-D2BEA5EC-CC03-401F-A808-8778B184E453.jpeg\" alt=\"Project Image\"><\/a>\r\n                            <\/div>\r\n                                                        <div class=\"projects1__content bdevs-el-content\">\r\n                                                                <div class=\"projects1__content--text\">\r\n                                    <div class=\"projects1__content--title\">\r\n                                            \r\n                                        <h5 class=\"bdevs-el-subtitle\"><a href=\"\">Coating of the external facade of the industrial facility<\/a><\/h5>\r\n                                        \r\n                                                                                <h2 class=\"bdevs-el-title\"><a href=\"\">205 BD AMIRAL MOUCHEZ \u2013 LE HAVRE<\/a><\/h2>\r\n                                                                            <\/div>\r\n                                                                        <div class=\"projects1__content--data\">\r\n                                        \r\n                                          \r\n                                    <\/div>\r\n                                <\/div>\r\n                            <\/div>\r\n                        <\/div>\r\n                    <\/div>\r\n                       \r\n                    <div class=\"col-lg-6\">\r\n                        <div class=\"projects1__item mb-50\">\r\n                                                        <div class=\"projects1__thumb\">\r\n                                <a class=\"popup-image\" href=\"https:\/\/jlg-construction.com\/wp-content\/uploads\/2024\/11\/New-Project-1.png\"><img decoding=\"async\" src=\"https:\/\/jlg-construction.com\/wp-content\/uploads\/2024\/11\/New-Project-1.png\" alt=\"Project Image\"><\/a>\r\n                            <\/div>\r\n                                                        <div class=\"projects1__content bdevs-el-content\">\r\n                                                                <div class=\"projects1__content--text\">\r\n                                    <div class=\"projects1__content--title\">\r\n                                            \r\n                                        <h5 class=\"bdevs-el-subtitle\"><a href=\"\">Construction of a multi-storey residential building<\/a><\/h5>\r\n                                        \r\n                                                                                <h2 class=\"bdevs-el-title\"><a href=\"\">146 Av. de Versailles 75016 \u2013 Paris<\/a><\/h2>\r\n                                                                            <\/div>\r\n                                                                        <div class=\"projects1__content--data\">\r\n                                        \r\n                                          \r\n                                    <\/div>\r\n                                <\/div>\r\n                            <\/div>\r\n                        <\/div>\r\n                    <\/div>\r\n                        \r\n                <\/div>\r\n            <\/div>\r\n        <\/section>\r\n       \r\n        \r\n        \t\t<\/div>\n\t\t\t\t<\/div>\n\t\t\t\t\t<\/div>\n\t\t<\/div>\n\t\t\t\t\t<\/div>\n\t\t<\/section>\n\t\t\t\t<\/div>","protected":false},"excerpt":{"rendered":"<p>Projets Construction d&rsquo;un immeuble r\u00e9sidentiel \u00e0 plusieurs \u00e9tages 30 Rue du Ch\u00e2teau &#8211; 92220 &#8211; Neuilly sur Seine &#8211; Paris Rev\u00eatement de la fa\u00e7ade ext\u00e9rieure du b\u00e2timent industriel 205 BD AMIRAL MOUCHEZ \u2013 LE HAVRE Construction d&rsquo;un immeuble r\u00e9sidentiel \u00e0 plusieurs \u00e9tages 146 Av. de Versailles 75016 \u2013 Paris<\/p>","protected":false},"author":1,"featured_media":0,"parent":0,"menu_order":0,"comment_status":"closed","ping_status":"closed","template":"elementor_header_footer","meta":{"_acf_changed":false,"footnotes":""},"class_list":["post-60","page","type-page","status-publish","hentry"],"acf":[],"_links":{"self":[{"href":"https:\/\/jlg-construction.com\/en\/wp-json\/wp\/v2\/pages\/60","targetHints":{"allow":["GET"]}}],"collection":[{"href":"https:\/\/jlg-construction.com\/en\/wp-json\/wp\/v2\/pages"}],"about":[{"href":"https:\/\/jlg-construction.com\/en\/wp-json\/wp\/v2\/types\/page"}],"author":[{"embeddable":true,"href":"https:\/\/jlg-construction.com\/en\/wp-json\/wp\/v2\/users\/1"}],"replies":[{"embeddable":true,"href":"https:\/\/jlg-construction.com\/en\/wp-json\/wp\/v2\/comments?post=60"}],"version-history":[{"count":135,"href":"https:\/\/jlg-construction.com\/en\/wp-json\/wp\/v2\/pages\/60\/revisions"}],"predecessor-version":[{"id":4892,"href":"https:\/\/jlg-construction.com\/en\/wp-json\/wp\/v2\/pages\/60\/revisions\/4892"}],"wp:attachment":[{"href":"https:\/\/jlg-construction.com\/en\/wp-json\/wp\/v2\/media?parent=60"}],"curies":[{"name":"wp","href":"https:\/\/api.w.org\/{rel}","templated":true}]}}